{"id":11144,"date":"2023-10-12T09:54:14","date_gmt":"2023-10-12T07:54:14","guid":{"rendered":"https:\/\/unimedoc.com\/legal-notices\/"},"modified":"2023-10-12T09:54:15","modified_gmt":"2023-10-12T07:54:15","slug":"legal-notices","status":"publish","type":"page","link":"https:\/\/unimedoc.com\/en\/legal-notices\/","title":{"rendered":"Legal notices"},"content":{"rendered":"\t\t<div data-elementor-type=\"wp-page\" data-elementor-id=\"11144\" class=\"elementor elementor-11144 elementor-11125\" data-elementor-post-type=\"page\">\n\t\t\t\t\t\t<section class=\"elementor-section elementor-top-section elementor-element elementor-element-f7414cb elementor-section-full_width elementor-section-height-min-height elementor-section-height-default elementor-section-items-middle\" data-id=\"f7414cb\" data-element_type=\"section\" data-e-type=\"section\" data-settings=\"{&quot;background_background&quot;:&quot;classic&quot;}\">\n\t\t\t\t\t\t<div class=\"elementor-container elementor-column-gap-default\">\n\t\t\t\t\t<div class=\"elementor-column elementor-col-100 elementor-top-column elementor-element elementor-element-fc487ed\" data-id=\"fc487ed\" data-element_type=\"column\" data-e-type=\"column\">\n\t\t\t<div class=\"elementor-widget-wrap elementor-element-populated\">\n\t\t\t\t\t\t<section class=\"elementor-section elementor-inner-section elementor-element elementor-element-bb10076 elementor-section-boxed elementor-section-height-default elementor-section-height-default\" data-id=\"bb10076\" data-element_type=\"section\" data-e-type=\"section\">\n\t\t\t\t\t\t<div class=\"elementor-container elementor-column-gap-default\">\n\t\t\t\t\t<div class=\"elementor-column elementor-col-50 elementor-inner-column elementor-element elementor-element-03a43c8\" data-id=\"03a43c8\" data-element_type=\"column\" data-e-type=\"column\">\n\t\t\t<div class=\"elementor-widget-wrap elementor-element-populated\">\n\t\t\t\t\t\t<div class=\"elementor-element elementor-element-cef51ae elementor-widget elementor-widget-heading\" data-id=\"cef51ae\" data-element_type=\"widget\" data-e-type=\"widget\" data-widget_type=\"heading.default\">\n\t\t\t\t<div class=\"elementor-widget-container\">\n\t\t\t\t\t<h2 class=\"elementor-heading-title elementor-size-default\">Legal notices<\/h2>\t\t\t\t<\/div>\n\t\t\t\t<\/div>\n\t\t\t\t\t<\/div>\n\t\t<\/div>\n\t\t\t\t<div class=\"elementor-column elementor-col-50 elementor-inner-column elementor-element elementor-element-23a787d\" data-id=\"23a787d\" data-element_type=\"column\" data-e-type=\"column\">\n\t\t\t<div class=\"elementor-widget-wrap elementor-element-populated\">\n\t\t\t\t\t\t<div class=\"elementor-element elementor-element-7892052 elementor-align-right elementor-widget elementor-widget-breadcrumbs\" data-id=\"7892052\" data-element_type=\"widget\" data-e-type=\"widget\" data-widget_type=\"breadcrumbs.default\">\n\t\t\t\t<div class=\"elementor-widget-container\">\n\t\t\t\t\t<p id=\"breadcrumbs\"><span><span><a href=\"https:\/\/unimedoc.com\/en\/\">Home<\/a><\/span><\/span><\/p>\t\t\t\t<\/div>\n\t\t\t\t<\/div>\n\t\t\t\t\t<\/div>\n\t\t<\/div>\n\t\t\t\t\t<\/div>\n\t\t<\/section>\n\t\t\t\t\t<\/div>\n\t\t<\/div>\n\t\t\t\t\t<\/div>\n\t\t<\/section>\n\t\t\t\t<section class=\"elementor-section elementor-top-section elementor-element elementor-element-cb39ee9 elementor-section-boxed elementor-section-height-default elementor-section-height-default\" data-id=\"cb39ee9\" data-element_type=\"section\" data-e-type=\"section\">\n\t\t\t\t\t\t<div class=\"elementor-container elementor-column-gap-default\">\n\t\t\t\t\t<div class=\"elementor-column elementor-col-100 elementor-top-column elementor-element elementor-element-f9f38b5\" data-id=\"f9f38b5\" data-element_type=\"column\" data-e-type=\"column\">\n\t\t\t<div class=\"elementor-widget-wrap elementor-element-populated\">\n\t\t\t\t\t\t<div class=\"elementor-element elementor-element-e60d058 elementor-widget elementor-widget-text-editor\" data-id=\"e60d058\" data-element_type=\"widget\" data-e-type=\"widget\" data-widget_type=\"text-editor.default\">\n\t\t\t\t<div class=\"elementor-widget-container\">\n\t\t\t\t\t\t\t\t\t<h2>1. Presentation of the website.<\/h2>\n<p>Under Article 6 of Law No. 2004-575 of 21 June 2004 on confidence in the digital economy, users of the <a href=\"http:\/\/www.unimedoc.com\">www.unimedoc.com<\/a> website are informed of who is responsible for its production and operation:<\/p>\n<p>Owner:<\/p>\n<p>Company name:\u00a0<strong>LES VIGNERONS D\u2019UNI-MEDOC<\/strong><\/p>\n<p>Amount of the company\u2019s share capital:\u00a0Soci\u00e9t\u00e9 Coop\u00e9rative Agricole with variable capital of \u20ac395,560<br \/>\nRegistration number in the Bordeaux Trade and Companies Register (RCS): D 781 923 537<br \/>\nCompany registration (SIRET) number: 781 923 537 000 26\n<\/p>\n<p>Intra-community VAT number: FR29781923537<\/p>\n<p>Design: EENOV<\/p>\n<p>This website is produced by: EENOV \/\/ www.eenov.com SARL with capital of \u20ac50,000<\/p>\n<p>61 route Jean BRIAUD bat LE DIAMANT 2 33 700 MERIGNAC France<\/p>\n<p>Tel. +33 (0)5 57 53 02 31<\/p>\n<p>Email: <a href=\"mailto:contact@eenov.com\">contact@eenov.com<\/a><\/p>\n<p>RCS Bordeaux B 479 022 386 Code NAF 6201Z SIRET 47 902 238 600\u00a0029<\/p>\n<p>Publication manager: Mr Laurent Vache<\/p>\n<p>The publication manager is a natural person or a legal entity.<\/p>\n<p>Host: \u2013 This website is hosted by OVH SAS with capital of \u20ac500,000 2 rue Kellermann 59100 Roubaix France RCS Roubaix \u2013 Tourcoing 424 761 419 APE code 6202A VAT number FR 22 424 761 419<\/p>\n<p>Photo credits:<\/p>\n<p>Alexandre Roschewitz\u00a0 https:\/\/alexandrecorporate.com\/portfolio<\/p>\n<p><a href=\"https:\/\/unsplash.com\/\">https:\/\/unsplash.com\/<\/a><\/p>\n<p>Photo bottles credits :<\/p>\n<p>Guillaume Daveau\u00a0 <a href=\"http:\/\/www.pixelavenue.com\/\">http:\/\/www.pixelavenue.com\/<\/a><\/p>\n<h2>2. General conditions of use of the site and the services offered<\/h2>\n<p>Use of the <a href=\"http:\/\/www.unimedoc.com\">www.unimedoc.com<\/a> site implies full acceptance of the general conditions of use described below. These conditions of use are liable to be modified or supplemented at any time, so users of the <a href=\"http:\/\/www.unimedoc.com\">www.unimedoc.com<\/a> site are invited to consult them on a regular basis.<\/p>\n<p>This site is normally accessible to users at all times. LES VIGNERONS UNI-MEDOC may, however, decide to suspend access to carry out technical maintenance, in which case they will endeavour to give advance notice to users of the dates and times of maintenance.<\/p>\n<p>The <a href=\"http:\/\/www.unimedoc.com\">www.unimedoc.com<\/a> site is regularly updated by Mr Laurent VACHE. Likewise, the legal notices may be modified at any time: they nevertheless apply to users, who are invited to refer to them as often as possible in order to become familiar with them.<\/p>\n<h2>3. Description of the services provided.<\/h2>\n<p>The purpose of the <a href=\"http:\/\/www.unimedoc.com\">www.unimedoc.com<\/a> site is to provide information on all the company\u2019s activities and products.<\/p>\n<p>LES VIGNERONS UNI-MEDOC make every effort to ensure that the information provided on the <a href=\"http:\/\/www.unimedoc.com\">www.unimedoc.com<\/a> site is as accurate as possible. However, it cannot be held liable for omissions, inaccuracies or failures to update, whether by itself or by third-party partners who provide it with this information.<\/p>\n<p>All information on the <a href=\"http:\/\/www.unimedoc.com\">www.unimedoc.com<\/a> site is given for illustrative purposes and is liable to change. Furthermore, the information on the <a href=\"http:\/\/www.unimedoc.com\">www.unimedoc.com<\/a> site is not exhaustive. It is provided subject to any changes taking place after being put on line.<\/p>\n<h2>4. Contractual limitations on technical data.<\/h2>\n<p>The site uses JavaScript technology.<\/p>\n<p>The website cannot be held liable for material damage related to use of the site. In addition, users undertake to access the site using recent equipment that is free from viruses and with an up-to-date browser.<\/p>\n<h2>5. Intellectual property and infringements.<\/h2>\n<p>LES VIGNERONS UNI-MEDOC owns the intellectual property rights or holds the rights to use all content accessible on the site, in particular the texts, images, graphics, logos, icons, sounds and software.<\/p>\n<p>Any reproduction, representation, modification, publication, or adaptation of all or part of the site content, whatever the means or process used, is prohibited without the prior written authorisation of LES VIGNERONS UNI-MEDOC.<\/p>\n<p>Any unauthorised use of the site or any of its content will be considered as constituting an infringement and prosecuted in accordance with the provisions of Articles L.335-2 <em>et seq.<\/em> of the Intellectual Property Code.<\/p>\n<h2>6. Limited liability.<\/h2>\n<p>LES VIGNERONS UNI-MEDOC cannot be held liable for any direct or indirect damage caused to the user\u2019s equipment when accessing the <a href=\"http:\/\/www.unimedoc.com\">www.unimedoc.com<\/a> site and resulting either from the use of equipment not meeting the specifications in point 4 or from the appearance of a bug or incompatibility.<\/p>\n<p>Similarly, LES VIGNERONS UNI-MEDOC cannot be held liable for indirect damage (such as loss of business or loss of opportunity) resulting from the use of the <a href=\"http:\/\/www.unimedoc.com\">www.unimedoc.com<\/a> site.<\/p>\n<p>Interactive areas are available to users. LES VIGNERONS UNI-MEDOC reserve the right to remove without prior notice any content posted in these areas that violates laws applicable in France, in particular the provisions relating to data protection. Where applicable, LES VIGNERONS UNI-MEDOC also reserves the right to invoke the user\u2019s civil and\/or criminal liability, in particular in the event of racist, offensive, defamatory or pornographic messages, regardless of the medium used (text, photograph, etc.).<\/p>\n<h2>7. Personal data management.<\/h2>\n<p>In France, personal data is protected in particular by law no. 78-87 of 6 January 1978, law no. 2004-801 of 6 August 2004, article L. 226-13 of the Penal Code and the European Directive of 24 October 1995.<\/p>\n<p>When using the <a href=\"http:\/\/www.unimedoc.com\">www.unimedoc.com<\/a> site, data may be collected: the URLs of links used to access <a href=\"http:\/\/www.unimedoc.com\">www.unimedoc.com<\/a>, the user\u2019s Internet access provider, the user\u2019s Internet Protocol (IP) address.<\/p>\n<p>In all cases, LES VIGNERONS UNI-MEDOC only collects personal information about the user for the needs of certain services offered by the <a href=\"http:\/\/www.unimedoc.com\">www.unimedoc.com<\/a> site. Users provide this information with full knowledge of the facts, particularly when entering it themselves. In this case, users of the <a href=\"http:\/\/www.unimedoc.com\">www.unimedoc.com<\/a> site are informed whether or not it is obligatory to provide this information.<\/p>\n<p>In accordance with the provisions of Articles 38 <em>et seq.<\/em> of law 78-17 of 6 January 1978 on data processing, files and freedoms, all users have the right to access, correct and object to the use of their personal data by making a written and signed request accompanied by a copy of their identity document with the signature of the document holder, specifying the address to which the reply should be sent.<\/p>\n<p>No personal information about a user of the <a href=\"http:\/\/www.unimedoc.com\">www.unimedoc.com<\/a> site is published without the user\u2019s knowledge, or exchanged, transferred, assigned, or sold to third parties on any medium whatsoever. Only in the event of a take-over of LES VIGNERONS UNI-MEDOC and its rights would such information be passed on to a prospective purchaser, who would in turn be bound by the same obligation to store and modify data in relation to users of the <a href=\"http:\/\/www.unimedoc.com\">www.unimedoc.com<\/a> site.<\/p>\n<p>The site is not declared to the French data protection authority (CNIL) in accordance with the GDPR law of 25 May 2018.<\/p>\n<p>The databases are protected by the provisions of the law of 1 July 1998 transposing directive 96\/9 of 11 March 1996 on the legal protection of databases.<\/p>\n<h2>8. Applicable law and attribution of jurisdiction.<\/h2>\n<p>Any dispute in connection with the use of the <a href=\"http:\/\/www.unimedoc.com\">www.unimedoc.com<\/a> site is subject to French law. Exclusive jurisdiction is attributed to the relevant courts.<\/p>\n<h2>9. Main relevant laws.<\/h2>\n<p>Law no. 78-17 of 6 January 1978 amended by law no. 2004-801 of 6 August 2004 on data processing, files and freedoms.<\/p>\n<p>Law no. 2004-575 of 21 June 2004 on confidence in the digital economy.<\/p>\n<h2>10. Lexicon.<\/h2>\n<p>User: Individual using the Internet to connect to the aforementioned site.<\/p>\n<p>Personal information: \u201cinformation which allows, in any form whatsoever, directly or indirectly, the identification of the natural persons to whom it applies\u201d (article 4 of Law no. 78-17 of 6 January 1978).<\/p>\n\t\t\t\t\t\t\t\t<\/div>\n\t\t\t\t<\/div>\n\t\t\t\t\t<\/div>\n\t\t<\/div>\n\t\t\t\t\t<\/div>\n\t\t<\/section>\n\t\t\t\t<\/div>\n\t\t","protected":false},"excerpt":{"rendered":"<p>Legal notices 1. Presentation of the website. Under Article 6 of Law No. 2004-575 of 21 June 2004 on confidence in the digital economy, users of the www.unimedoc.com website are informed of who is responsible for its production and operation: Owner: Company name:\u00a0LES VIGNERONS D\u2019UNI-MEDOC Amount of the company\u2019s share capital:\u00a0Soci\u00e9t\u00e9 Coop\u00e9rative Agricole with variable [&hellip;]<\/p>\n","protected":false},"author":1,"featured_media":0,"parent":0,"menu_order":0,"comment_status":"closed","ping_status":"closed","template":"","meta":{"_acf_changed":false,"inline_featured_image":false,"footnotes":""},"class_list":["post-11144","page","type-page","status-publish","hentry"],"acf":[],"yoast_head":"<!-- This site is optimized with the Yoast SEO plugin v27.3 - https:\/\/yoast.com\/product\/yoast-seo-wordpress\/ -->\n<title>Legal notices - Les Vignerons Uni Medoc<\/title>\n<meta name=\"robots\" content=\"index, follow, max-snippet:-1, max-image-preview:large, max-video-preview:-1\" \/>\n<link rel=\"canonical\" href=\"https:\/\/unimedoc.com\/en\/legal-notices\/\" \/>\n<meta property=\"og:locale\" content=\"en_US\" \/>\n<meta property=\"og:type\" content=\"article\" \/>\n<meta property=\"og:title\" content=\"Legal notices - Les Vignerons Uni Medoc\" \/>\n<meta property=\"og:description\" content=\"Legal notices 1. Presentation of the website. Under Article 6 of Law No. 2004-575 of 21 June 2004 on confidence in the digital economy, users of the www.unimedoc.com website are informed of who is responsible for its production and operation: Owner: Company name:\u00a0LES VIGNERONS D\u2019UNI-MEDOC Amount of the company\u2019s share capital:\u00a0Soci\u00e9t\u00e9 Coop\u00e9rative Agricole with variable [&hellip;]\" \/>\n<meta property=\"og:url\" content=\"https:\/\/unimedoc.com\/en\/legal-notices\/\" \/>\n<meta property=\"og:site_name\" content=\"Les Vignerons Uni Medoc\" \/>\n<meta property=\"article:modified_time\" content=\"2023-10-12T07:54:15+00:00\" \/>\n<meta name=\"twitter:card\" content=\"summary_large_image\" \/>\n<meta name=\"twitter:label1\" content=\"Est. reading time\" \/>\n\t<meta name=\"twitter:data1\" content=\"6 minutes\" \/>\n<script type=\"application\/ld+json\" class=\"yoast-schema-graph\">{\"@context\":\"https:\\\/\\\/schema.org\",\"@graph\":[{\"@type\":\"WebPage\",\"@id\":\"https:\\\/\\\/unimedoc.com\\\/en\\\/legal-notices\\\/\",\"url\":\"https:\\\/\\\/unimedoc.com\\\/en\\\/legal-notices\\\/\",\"name\":\"Legal notices - Les Vignerons Uni Medoc\",\"isPartOf\":{\"@id\":\"https:\\\/\\\/unimedoc.com\\\/en\\\/#website\"},\"datePublished\":\"2023-10-12T07:54:14+00:00\",\"dateModified\":\"2023-10-12T07:54:15+00:00\",\"breadcrumb\":{\"@id\":\"https:\\\/\\\/unimedoc.com\\\/en\\\/legal-notices\\\/#breadcrumb\"},\"inLanguage\":\"en-US\",\"potentialAction\":[{\"@type\":\"ReadAction\",\"target\":[\"https:\\\/\\\/unimedoc.com\\\/en\\\/legal-notices\\\/\"]}]},{\"@type\":\"BreadcrumbList\",\"@id\":\"https:\\\/\\\/unimedoc.com\\\/en\\\/legal-notices\\\/#breadcrumb\",\"itemListElement\":[{\"@type\":\"ListItem\",\"position\":1,\"name\":\"Home\",\"item\":\"https:\\\/\\\/unimedoc.com\\\/en\\\/\"},{\"@type\":\"ListItem\",\"position\":2,\"name\":\"Legal notices\"}]},{\"@type\":\"WebSite\",\"@id\":\"https:\\\/\\\/unimedoc.com\\\/en\\\/#website\",\"url\":\"https:\\\/\\\/unimedoc.com\\\/en\\\/\",\"name\":\"Les Vignerons Uni Medoc\",\"description\":\"\",\"publisher\":{\"@id\":\"https:\\\/\\\/unimedoc.com\\\/en\\\/#organization\"},\"potentialAction\":[{\"@type\":\"SearchAction\",\"target\":{\"@type\":\"EntryPoint\",\"urlTemplate\":\"https:\\\/\\\/unimedoc.com\\\/en\\\/?s={search_term_string}\"},\"query-input\":{\"@type\":\"PropertyValueSpecification\",\"valueRequired\":true,\"valueName\":\"search_term_string\"}}],\"inLanguage\":\"en-US\"},{\"@type\":\"Organization\",\"@id\":\"https:\\\/\\\/unimedoc.com\\\/en\\\/#organization\",\"name\":\"Les Vignerons Uni Medoc\",\"url\":\"https:\\\/\\\/unimedoc.com\\\/en\\\/\",\"logo\":{\"@type\":\"ImageObject\",\"inLanguage\":\"en-US\",\"@id\":\"https:\\\/\\\/unimedoc.com\\\/en\\\/#\\\/schema\\\/logo\\\/image\\\/\",\"url\":\"https:\\\/\\\/unimedoc.com\\\/wp-content\\\/uploads\\\/2021\\\/04\\\/logo-unimedoc.svg\",\"contentUrl\":\"https:\\\/\\\/unimedoc.com\\\/wp-content\\\/uploads\\\/2021\\\/04\\\/logo-unimedoc.svg\",\"width\":176,\"height\":64,\"caption\":\"Les Vignerons Uni Medoc\"},\"image\":{\"@id\":\"https:\\\/\\\/unimedoc.com\\\/en\\\/#\\\/schema\\\/logo\\\/image\\\/\"}}]}<\/script>\n<!-- \/ Yoast SEO plugin. -->","yoast_head_json":{"title":"Legal notices - Les Vignerons Uni Medoc","robots":{"index":"index","follow":"follow","max-snippet":"max-snippet:-1","max-image-preview":"max-image-preview:large","max-video-preview":"max-video-preview:-1"},"canonical":"https:\/\/unimedoc.com\/en\/legal-notices\/","og_locale":"en_US","og_type":"article","og_title":"Legal notices - Les Vignerons Uni Medoc","og_description":"Legal notices 1. Presentation of the website. Under Article 6 of Law No. 2004-575 of 21 June 2004 on confidence in the digital economy, users of the www.unimedoc.com website are informed of who is responsible for its production and operation: Owner: Company name:\u00a0LES VIGNERONS D\u2019UNI-MEDOC Amount of the company\u2019s share capital:\u00a0Soci\u00e9t\u00e9 Coop\u00e9rative Agricole with variable [&hellip;]","og_url":"https:\/\/unimedoc.com\/en\/legal-notices\/","og_site_name":"Les Vignerons Uni Medoc","article_modified_time":"2023-10-12T07:54:15+00:00","twitter_card":"summary_large_image","twitter_misc":{"Est. reading time":"6 minutes"},"schema":{"@context":"https:\/\/schema.org","@graph":[{"@type":"WebPage","@id":"https:\/\/unimedoc.com\/en\/legal-notices\/","url":"https:\/\/unimedoc.com\/en\/legal-notices\/","name":"Legal notices - Les Vignerons Uni Medoc","isPartOf":{"@id":"https:\/\/unimedoc.com\/en\/#website"},"datePublished":"2023-10-12T07:54:14+00:00","dateModified":"2023-10-12T07:54:15+00:00","breadcrumb":{"@id":"https:\/\/unimedoc.com\/en\/legal-notices\/#breadcrumb"},"inLanguage":"en-US","potentialAction":[{"@type":"ReadAction","target":["https:\/\/unimedoc.com\/en\/legal-notices\/"]}]},{"@type":"BreadcrumbList","@id":"https:\/\/unimedoc.com\/en\/legal-notices\/#breadcrumb","itemListElement":[{"@type":"ListItem","position":1,"name":"Home","item":"https:\/\/unimedoc.com\/en\/"},{"@type":"ListItem","position":2,"name":"Legal notices"}]},{"@type":"WebSite","@id":"https:\/\/unimedoc.com\/en\/#website","url":"https:\/\/unimedoc.com\/en\/","name":"Les Vignerons Uni Medoc","description":"","publisher":{"@id":"https:\/\/unimedoc.com\/en\/#organization"},"potentialAction":[{"@type":"SearchAction","target":{"@type":"EntryPoint","urlTemplate":"https:\/\/unimedoc.com\/en\/?s={search_term_string}"},"query-input":{"@type":"PropertyValueSpecification","valueRequired":true,"valueName":"search_term_string"}}],"inLanguage":"en-US"},{"@type":"Organization","@id":"https:\/\/unimedoc.com\/en\/#organization","name":"Les Vignerons Uni Medoc","url":"https:\/\/unimedoc.com\/en\/","logo":{"@type":"ImageObject","inLanguage":"en-US","@id":"https:\/\/unimedoc.com\/en\/#\/schema\/logo\/image\/","url":"https:\/\/unimedoc.com\/wp-content\/uploads\/2021\/04\/logo-unimedoc.svg","contentUrl":"https:\/\/unimedoc.com\/wp-content\/uploads\/2021\/04\/logo-unimedoc.svg","width":176,"height":64,"caption":"Les Vignerons Uni Medoc"},"image":{"@id":"https:\/\/unimedoc.com\/en\/#\/schema\/logo\/image\/"}}]}},"_links":{"self":[{"href":"https:\/\/unimedoc.com\/en\/wp-json\/wp\/v2\/pages\/11144","targetHints":{"allow":["GET"]}}],"collection":[{"href":"https:\/\/unimedoc.com\/en\/wp-json\/wp\/v2\/pages"}],"about":[{"href":"https:\/\/unimedoc.com\/en\/wp-json\/wp\/v2\/types\/page"}],"author":[{"embeddable":true,"href":"https:\/\/unimedoc.com\/en\/wp-json\/wp\/v2\/users\/1"}],"replies":[{"embeddable":true,"href":"https:\/\/unimedoc.com\/en\/wp-json\/wp\/v2\/comments?post=11144"}],"version-history":[{"count":1,"href":"https:\/\/unimedoc.com\/en\/wp-json\/wp\/v2\/pages\/11144\/revisions"}],"predecessor-version":[{"id":11145,"href":"https:\/\/unimedoc.com\/en\/wp-json\/wp\/v2\/pages\/11144\/revisions\/11145"}],"wp:attachment":[{"href":"https:\/\/unimedoc.com\/en\/wp-json\/wp\/v2\/media?parent=11144"}],"curies":[{"name":"wp","href":"https:\/\/api.w.org\/{rel}","templated":true}]}}